{"id":774,"date":"2017-08-01T13:44:06","date_gmt":"2017-08-01T11:44:06","guid":{"rendered":"http:\/\/spirituellebegleitung.ch\/?page_id=31"},"modified":"2017-08-01T13:44:06","modified_gmt":"2017-08-01T11:44:06","slug":"behandlungen-2","status":"publish","type":"page","link":"https:\/\/spirituellebegleitung.ch\/?page_id=774","title":{"rendered":"Behandlungen"},"content":{"rendered":"<p><span style=\"font-size: 14pt;\"><strong>Ich arbeite mit folgenden Techniken:<\/strong><\/span><\/p>\n<ul>\n<li><strong>New Spirit Techniken<\/strong> um Blockaden und Traumas zu l\u00f6sen, wenn du fest steckst oder zur Entfaltung deines vollen Potenzials.<\/li>\n<li><strong>Limitless Session<\/strong>um deine Freiheit zur\u00fcck zu erobern, deine Ziele zu erreichen, alle Blockaden und Hindernisse auf dem Weg aufzul\u00f6sen.<\/li>\n<li><strong>SPASCH<\/strong>(Spirituell-P\u00e4dagogische-Analyse-Scheibe) um Ursachen zu finden, Konflikte zu l\u00f6sen und Ressourcen zu analysieren.<\/li>\n<li><strong>Kartenlegungen<\/strong>(Tarot, Lenormand, Karten von Ingrid Auer und verschiedene Decks) um Blockaden zu l\u00f6sen, Antworten zu finden, als Prozessbegleitung und Unterst\u00fctzung, f\u00fcr Familienstellungen, Cutting, und vieles mehr.<\/li>\n<\/ul>\n<p>Diese Techniken k\u00f6nnen auf alle Lebensbereiche (Finanzen, Gesundheit, Beziehung, Spiritualit\u00e4t) angewendet werden.<\/p>\n<ul>\n<li><strong>K\u00f6rpertherapien<\/strong><\/li>\n<\/ul>\n<p>Auf Wunsch oder wenn n\u00f6tig kann ich dich zus\u00e4tzlich mit verschiedenen <strong>K\u00f6rpertherapien<\/strong> unterst\u00fctzen wie beispielsweise Meditationen, Atem\u00fcbungen, Dorn, Bowen, Quantum Regenesis und Massagen.<\/p>\n<p><span style=\"font-size: 14pt;\"><strong>Produkte<\/strong><\/span><\/p>\n<p>Nebst verschiedenen Behandlungen biete ich folgende Produkte an und setze sie bei bedarf ein.<\/p>\n<ul>\n<li>Engelessenzen und -\u00f6le<\/li>\n<li>Aurasprays von Ingrid Auer<\/li>\n<li>Bachhbl\u00fcten<\/li>\n<li>Ariel Essenzen<\/li>\n<\/ul>\n<p><span style=\"font-size: 14pt;\"><strong>Ablauf einer Behandlung<\/strong><\/span><\/p>\n<p>Du teilst mir dein Anliegen, dein Ziel oder deine W\u00fcnsche mit.<br \/>\nIch schaue dann welche Methode was f\u00fcr dich die richtige ist, was dich am meisten unterst\u00fctzt und dir am effektivsten helfen kann.<br \/>\nDu bist der Mittelpunkt und ich gebe in jeder Sitzung mein Bestes f\u00fcr dich.<br \/>\nIch begleite dich, kl\u00e4re deine Fragen, unterst\u00fctze dich auf deinem Weg zur absoluten Freiheit, zu deinem Potenzial.<br \/>\n<strong><span style=\"font-size: 14pt;\">Wichtig!<\/span><\/strong><br \/>\nMeine Arbeit ersetzt keinen Arzt. Medikamente d\u00fcrfen nur in Absprache mit dem Arzt reduziert oder weggelassen werden. Ich stelle keine Diagnosen.<\/p>\n<p><span style=\"font-size: 14pt;\"><strong>Ein medialer und sensitiver Berater<\/strong><\/span><\/p>\n<ul>\n<li>Vermag, energetische Blockaden innerhalb einer Behandlung aufzudecken.<\/li>\n<li>Ist gleichzeitig ein Lebenscoach und in der Lage Techniken zu vermitteln, die innerhalb k\u00fcrzester Zeit das Leben jeden Menschen transformieren k\u00f6nnen.<\/li>\n<li>Kann anhand von Informationen aus der Aura entsprechende Empfehlungen angeben.<\/li>\n<li>Ist in der Lage, H\u00e4user, Wohnungen und andere R\u00e4umlichkeiten energetisch zu reinigen und zu scannen.<\/li>\n<li>Kann mit verstorbenen Menschen kommunizieren, wenn dies notwendig ist.<\/li>\n<li>Ist in der Lage, die Selbstheilungskr\u00e4fte zu aktivieren, bezogen auf k\u00f6rperliche oder seelische Themen.<\/li>\n<li>Kann direkte Botschaften aus der Geistigen Welt \u00fcbermitteln.<\/li>\n<li>Kann die gesamte Aura und das morphologische Feld analysieren und hierbei Blockaden aufdecken.<\/li>\n<li>Kann mentale Muster und karmische Zyklen durchbrechen.<\/li>\n<li>Kann die wahre Ursache hinter \u00c4ngsten und Depressionen aufdecken.<\/li>\n<li>Tritt in Kontakt mit Engeln, Geistf\u00fchrern und verstorbenen Menschen.<\/li>\n<li>Vermag, die Chakren zu analysieren, sie zu harmonisieren, und vieles vieles mehr\u2026.<\/li>\n<\/ul>\n<p>Und all dies komplett ohne irgendwelche Hilfsmittel<\/p>\n<p>&nbsp;<\/p>\n","protected":false},"excerpt":{"rendered":"<p>Ich arbeite mit folgenden Techniken: New Spirit Techniken um Blockaden und Traumas zu l\u00f6sen, wenn du fest steckst oder zur Entfaltung deines vollen Potenzials. Limitless Sessionum deine Freiheit zur\u00fcck zu erobern, deine Ziele zu erreichen, alle Blockaden und Hindernisse auf dem Weg aufzul\u00f6sen. SPASCH(Spirituell-P\u00e4dagogische-Analyse-Scheibe) um Ursachen zu finden, Konflikte zu l\u00f6sen und Ressourcen zu analysieren. [&hellip;]<\/p>\n","protected":false},"author":2,"featured_media":0,"parent":0,"menu_order":0,"comment_status":"closed","ping_status":"closed","template":"","meta":{"footnotes":""},"class_list":["post-774","page","type-page","status-publish","hentry","clear"],"yoast_head":"<!-- This site is optimized with the Yoast SEO plugin v27.5 - https:\/\/yoast.com\/product\/yoast-seo-wordpress\/ -->\n<title>Behandlungen - spirituellebegleitung.ch<\/title>\n<meta name=\"robots\" content=\"index, follow, max-snippet:-1, max-image-preview:large, max-video-preview:-1\" \/>\n<link rel=\"canonical\" href=\"https:\/\/spirituellebegleitung.ch\/?page_id=774\" \/>\n<meta property=\"og:locale\" content=\"de_DE\" \/>\n<meta property=\"og:type\" content=\"article\" \/>\n<meta property=\"og:title\" content=\"Behandlungen - spirituellebegleitung.ch\" \/>\n<meta property=\"og:description\" content=\"Ich arbeite mit folgenden Techniken: New Spirit Techniken um Blockaden und Traumas zu l\u00f6sen, wenn du fest steckst oder zur Entfaltung deines vollen Potenzials. Limitless Sessionum deine Freiheit zur\u00fcck zu erobern, deine Ziele zu erreichen, alle Blockaden und Hindernisse auf dem Weg aufzul\u00f6sen. SPASCH(Spirituell-P\u00e4dagogische-Analyse-Scheibe) um Ursachen zu finden, Konflikte zu l\u00f6sen und Ressourcen zu analysieren. [&hellip;]\" \/>\n<meta property=\"og:url\" content=\"https:\/\/spirituellebegleitung.ch\/?page_id=774\" \/>\n<meta property=\"og:site_name\" content=\"spirituellebegleitung.ch\" \/>\n<meta name=\"twitter:card\" content=\"summary_large_image\" \/>\n<meta name=\"twitter:label1\" content=\"Gesch\u00e4tzte Lesezeit\" \/>\n\t<meta name=\"twitter:data1\" content=\"2\u00a0Minuten\" \/>\n<script type=\"application\/ld+json\" class=\"yoast-schema-graph\">{\"@context\":\"https:\\\/\\\/schema.org\",\"@graph\":[{\"@type\":\"WebPage\",\"@id\":\"https:\\\/\\\/spirituellebegleitung.ch\\\/?page_id=774\",\"url\":\"https:\\\/\\\/spirituellebegleitung.ch\\\/?page_id=774\",\"name\":\"Behandlungen - spirituellebegleitung.ch\",\"isPartOf\":{\"@id\":\"https:\\\/\\\/spirituellebegleitung.ch\\\/#website\"},\"datePublished\":\"2017-08-01T11:44:06+00:00\",\"breadcrumb\":{\"@id\":\"https:\\\/\\\/spirituellebegleitung.ch\\\/?page_id=774#breadcrumb\"},\"inLanguage\":\"de\",\"potentialAction\":[{\"@type\":\"ReadAction\",\"target\":[\"https:\\\/\\\/spirituellebegleitung.ch\\\/?page_id=774\"]}]},{\"@type\":\"BreadcrumbList\",\"@id\":\"https:\\\/\\\/spirituellebegleitung.ch\\\/?page_id=774#breadcrumb\",\"itemListElement\":[{\"@type\":\"ListItem\",\"position\":1,\"name\":\"Startseite\",\"item\":\"https:\\\/\\\/spirituellebegleitung.ch\\\/\"},{\"@type\":\"ListItem\",\"position\":2,\"name\":\"Behandlungen\"}]},{\"@type\":\"WebSite\",\"@id\":\"https:\\\/\\\/spirituellebegleitung.ch\\\/#website\",\"url\":\"https:\\\/\\\/spirituellebegleitung.ch\\\/\",\"name\":\"spirituellebegleitung\",\"description\":\"\",\"publisher\":{\"@id\":\"https:\\\/\\\/spirituellebegleitung.ch\\\/#organization\"},\"potentialAction\":[{\"@type\":\"SearchAction\",\"target\":{\"@type\":\"EntryPoint\",\"urlTemplate\":\"https:\\\/\\\/spirituellebegleitung.ch\\\/?s={search_term_string}\"},\"query-input\":{\"@type\":\"PropertyValueSpecification\",\"valueRequired\":true,\"valueName\":\"search_term_string\"}}],\"inLanguage\":\"de\"},{\"@type\":\"Organization\",\"@id\":\"https:\\\/\\\/spirituellebegleitung.ch\\\/#organization\",\"name\":\"spirituellebegleitung\",\"url\":\"https:\\\/\\\/spirituellebegleitung.ch\\\/\",\"logo\":{\"@type\":\"ImageObject\",\"inLanguage\":\"de\",\"@id\":\"https:\\\/\\\/spirituellebegleitung.ch\\\/#\\\/schema\\\/logo\\\/image\\\/\",\"url\":\"https:\\\/\\\/spirituellebegleitung.ch\\\/wp-content\\\/uploads\\\/2025\\\/06\\\/Logo-SpB_Transp1-300x300-1.png\",\"contentUrl\":\"https:\\\/\\\/spirituellebegleitung.ch\\\/wp-content\\\/uploads\\\/2025\\\/06\\\/Logo-SpB_Transp1-300x300-1.png\",\"width\":300,\"height\":300,\"caption\":\"spirituellebegleitung\"},\"image\":{\"@id\":\"https:\\\/\\\/spirituellebegleitung.ch\\\/#\\\/schema\\\/logo\\\/image\\\/\"}}]}<\/script>\n<!-- \/ Yoast SEO plugin. -->","yoast_head_json":{"title":"Behandlungen - spirituellebegleitung.ch","robots":{"index":"index","follow":"follow","max-snippet":"max-snippet:-1","max-image-preview":"max-image-preview:large","max-video-preview":"max-video-preview:-1"},"canonical":"https:\/\/spirituellebegleitung.ch\/?page_id=774","og_locale":"de_DE","og_type":"article","og_title":"Behandlungen - spirituellebegleitung.ch","og_description":"Ich arbeite mit folgenden Techniken: New Spirit Techniken um Blockaden und Traumas zu l\u00f6sen, wenn du fest steckst oder zur Entfaltung deines vollen Potenzials. Limitless Sessionum deine Freiheit zur\u00fcck zu erobern, deine Ziele zu erreichen, alle Blockaden und Hindernisse auf dem Weg aufzul\u00f6sen. SPASCH(Spirituell-P\u00e4dagogische-Analyse-Scheibe) um Ursachen zu finden, Konflikte zu l\u00f6sen und Ressourcen zu analysieren. [&hellip;]","og_url":"https:\/\/spirituellebegleitung.ch\/?page_id=774","og_site_name":"spirituellebegleitung.ch","twitter_card":"summary_large_image","twitter_misc":{"Gesch\u00e4tzte Lesezeit":"2\u00a0Minuten"},"schema":{"@context":"https:\/\/schema.org","@graph":[{"@type":"WebPage","@id":"https:\/\/spirituellebegleitung.ch\/?page_id=774","url":"https:\/\/spirituellebegleitung.ch\/?page_id=774","name":"Behandlungen - spirituellebegleitung.ch","isPartOf":{"@id":"https:\/\/spirituellebegleitung.ch\/#website"},"datePublished":"2017-08-01T11:44:06+00:00","breadcrumb":{"@id":"https:\/\/spirituellebegleitung.ch\/?page_id=774#breadcrumb"},"inLanguage":"de","potentialAction":[{"@type":"ReadAction","target":["https:\/\/spirituellebegleitung.ch\/?page_id=774"]}]},{"@type":"BreadcrumbList","@id":"https:\/\/spirituellebegleitung.ch\/?page_id=774#breadcrumb","itemListElement":[{"@type":"ListItem","position":1,"name":"Startseite","item":"https:\/\/spirituellebegleitung.ch\/"},{"@type":"ListItem","position":2,"name":"Behandlungen"}]},{"@type":"WebSite","@id":"https:\/\/spirituellebegleitung.ch\/#website","url":"https:\/\/spirituellebegleitung.ch\/","name":"spirituellebegleitung","description":"","publisher":{"@id":"https:\/\/spirituellebegleitung.ch\/#organization"},"potentialAction":[{"@type":"SearchAction","target":{"@type":"EntryPoint","urlTemplate":"https:\/\/spirituellebegleitung.ch\/?s={search_term_string}"},"query-input":{"@type":"PropertyValueSpecification","valueRequired":true,"valueName":"search_term_string"}}],"inLanguage":"de"},{"@type":"Organization","@id":"https:\/\/spirituellebegleitung.ch\/#organization","name":"spirituellebegleitung","url":"https:\/\/spirituellebegleitung.ch\/","logo":{"@type":"ImageObject","inLanguage":"de","@id":"https:\/\/spirituellebegleitung.ch\/#\/schema\/logo\/image\/","url":"https:\/\/spirituellebegleitung.ch\/wp-content\/uploads\/2025\/06\/Logo-SpB_Transp1-300x300-1.png","contentUrl":"https:\/\/spirituellebegleitung.ch\/wp-content\/uploads\/2025\/06\/Logo-SpB_Transp1-300x300-1.png","width":300,"height":300,"caption":"spirituellebegleitung"},"image":{"@id":"https:\/\/spirituellebegleitung.ch\/#\/schema\/logo\/image\/"}}]}},"_links":{"self":[{"href":"https:\/\/spirituellebegleitung.ch\/index.php?rest_route=\/wp\/v2\/pages\/774","targetHints":{"allow":["GET"]}}],"collection":[{"href":"https:\/\/spirituellebegleitung.ch\/index.php?rest_route=\/wp\/v2\/pages"}],"about":[{"href":"https:\/\/spirituellebegleitung.ch\/index.php?rest_route=\/wp\/v2\/types\/page"}],"author":[{"embeddable":true,"href":"https:\/\/spirituellebegleitung.ch\/index.php?rest_route=\/wp\/v2\/users\/2"}],"replies":[{"embeddable":true,"href":"https:\/\/spirituellebegleitung.ch\/index.php?rest_route=%2Fwp%2Fv2%2Fcomments&post=774"}],"version-history":[{"count":0,"href":"https:\/\/spirituellebegleitung.ch\/index.php?rest_route=\/wp\/v2\/pages\/774\/revisions"}],"wp:attachment":[{"href":"https:\/\/spirituellebegleitung.ch\/index.php?rest_route=%2Fwp%2Fv2%2Fmedia&parent=774"}],"curies":[{"name":"wp","href":"https:\/\/api.w.org\/{rel}","templated":true}]}}