{"id":770,"date":"2017-08-01T12:20:10","date_gmt":"2017-08-01T10:20:10","guid":{"rendered":"http:\/\/spirituellebegleitung.ch\/?page_id=8"},"modified":"2017-08-01T12:20:10","modified_gmt":"2017-08-01T10:20:10","slug":"ueber-mich","status":"publish","type":"page","link":"https:\/\/spirituellebegleitung.ch\/?page_id=770","title":{"rendered":"\u00dcber mich"},"content":{"rendered":"<p style=\"text-align: justify;\"><img loading=\"lazy\" decoding=\"async\" class=\"alignnone size-medium wp-image-899\" src=\"https:\/\/spirituellebegleitung.ch\/wp-content\/uploads\/2017\/08\/manuela-520x520-300x300.jpg\" alt=\"\" width=\"300\" height=\"300\" \/><\/p>\n<p style=\"text-align: justify;\">Seit ich mich erinnern kann interessiere ich mich f\u00fcr die Fragen des Lebens, warum? weshalb? wozu? Mich interessierten die Sorgen und N\u00f6te der Mitmenschen, wie kann man helfen? Wie kann man das Leben Verbessern? Wie kann man zu mehr Lebensfreude, Selbstvertrauen kommen?<br \/>\nWie wird das Leben besser? wie bekomme ich Klarheit? Wie wird man \u00c4ngste los? usw.<br \/>\nBeziehungen sind da ein wichtiges Thema, sie pr\u00e4gen unser ganzes Leben. Daher entstehen auch viele Bezihhungsprobleme schon in der Kindheit und werden bei uns als Erwachsene oft aktiv.<br \/>\nIch habe viele verschiedene Ausbildungen und Weiterbildungen gemacht, die zuallererst mich weiter brachten. Ich war mein eigenes \u00dcbungsobjekt, lernte an mir, meiner Lebensgeschichte. Sp\u00e4ter kam dann noch meine Familie in den Genuss bevor ich es allen zug\u00e4nglich machte und bis heute lerne ich nie aus. Karten (Lenormand, Tarot, Engelkarten) kamen immer wieder in meine Leben. Stupsten mich an. Es ging dann doch noch eine Weile bis ich es zuliess,dass sie mein Leben und meine Arbeitswelt bereichern durften.<br \/>\nSeit jeher kamen Menschen zu mir und baten um Tipps und Unterst\u00fctzung. Ich freute mich jedes mal f\u00fcr , wenn es ihnen anschliessend besser ging, sie eine erf\u00fcllte Beziehung oder harmonisches Familienleben haben.<br \/>\nIrgendwann wurde mir klar, das ist meine Berufung.<\/p>\n<p style=\"text-align: justify;\">In den Jahren konnte ich viele Erfahrungen und Erkenntnisse Sammeln, einfache L\u00f6sungen und Antworten finden. Das wichtigste, ich lernte, es darf mit Leichtigkeit gehen. Um das Gelernte umzusetzen und mir einen Wunsch zu erf\u00fcllen, machte ich mich im Jahr 2003 selbst\u00e4ndig.<br \/>\nIch liebe meine Arbeit von ganzem Herzen. Es gibt nichts Sch\u00f6neres f\u00fcr mich, als wenn strahlende Menschen meine Praxis verlassen.<br \/>\nSo kann ich nun mein Herzenswunsch, den Menschen zu begleiten und unterst\u00fctzen, leben.<\/p>\n<p style=\"text-align: justify;\">Ich w\u00fcnsche mir, dass auch du ein eigenst\u00e4ndiger, selbstbewusster, fr\u00f6hlicher und gl\u00fccklicher Mensch bist. Mein Motto lautet: es gibt f\u00fcr alles eine L\u00f6sung.<br \/>\nLass mich dich ein St\u00fcck deines Weges begleiten, zusammen finden wir den Weg, der f\u00fcr dich bestimmt ist.<\/p>\n<p style=\"text-align: justify;\">Ich bin 1968 geboren, seit 1988 bin ich gl\u00fccklich verheiratet, habe 2 Erwachsene wundervolle T\u00f6chter und drei zauberhafte Enkelkinder. Ich lebe in der Ostschweiz. Seit dem Dezember 2003 arbeite ich Selbst\u00e4ndig. Meine Familie und meine Arbeit ist meine Berufung.<\/p>\n<p>&nbsp;<\/p>\n","protected":false},"excerpt":{"rendered":"<p>Seit ich mich erinnern kann interessiere ich mich f\u00fcr die Fragen des Lebens, warum? weshalb? wozu? Mich interessierten die Sorgen und N\u00f6te der Mitmenschen, wie kann man helfen? Wie kann man das Leben Verbessern? Wie kann man zu mehr Lebensfreude, Selbstvertrauen kommen? Wie wird das Leben besser? wie bekomme ich Klarheit? Wie wird man \u00c4ngste [&hellip;]<\/p>\n","protected":false},"author":2,"featured_media":0,"parent":0,"menu_order":0,"comment_status":"closed","ping_status":"closed","template":"","meta":{"footnotes":""},"class_list":["post-770","page","type-page","status-publish","hentry","clear"],"yoast_head":"<!-- This site is optimized with the Yoast SEO plugin v27.5 - https:\/\/yoast.com\/product\/yoast-seo-wordpress\/ -->\n<title>\u00dcber mich - spirituellebegleitung.ch<\/title>\n<meta name=\"robots\" content=\"index, follow, max-snippet:-1, max-image-preview:large, max-video-preview:-1\" \/>\n<link rel=\"canonical\" href=\"https:\/\/spirituellebegleitung.ch\/?page_id=770\" \/>\n<meta property=\"og:locale\" content=\"de_DE\" \/>\n<meta property=\"og:type\" content=\"article\" \/>\n<meta property=\"og:title\" content=\"\u00dcber mich - spirituellebegleitung.ch\" \/>\n<meta property=\"og:description\" content=\"Seit ich mich erinnern kann interessiere ich mich f\u00fcr die Fragen des Lebens, warum? weshalb? wozu? Mich interessierten die Sorgen und N\u00f6te der Mitmenschen, wie kann man helfen? Wie kann man das Leben Verbessern? Wie kann man zu mehr Lebensfreude, Selbstvertrauen kommen? Wie wird das Leben besser? wie bekomme ich Klarheit? Wie wird man \u00c4ngste [&hellip;]\" \/>\n<meta property=\"og:url\" content=\"https:\/\/spirituellebegleitung.ch\/?page_id=770\" \/>\n<meta property=\"og:site_name\" content=\"spirituellebegleitung.ch\" \/>\n<meta property=\"og:image\" content=\"https:\/\/spirituellebegleitung.ch\/wp-content\/uploads\/2017\/08\/manuela-520x520-300x300.jpg\" \/>\n<meta name=\"twitter:card\" content=\"summary_large_image\" \/>\n<meta name=\"twitter:label1\" content=\"Gesch\u00e4tzte Lesezeit\" \/>\n\t<meta name=\"twitter:data1\" content=\"2\u00a0Minuten\" \/>\n<script type=\"application\/ld+json\" class=\"yoast-schema-graph\">{\"@context\":\"https:\\\/\\\/schema.org\",\"@graph\":[{\"@type\":\"WebPage\",\"@id\":\"https:\\\/\\\/spirituellebegleitung.ch\\\/?page_id=770\",\"url\":\"https:\\\/\\\/spirituellebegleitung.ch\\\/?page_id=770\",\"name\":\"\u00dcber mich - spirituellebegleitung.ch\",\"isPartOf\":{\"@id\":\"https:\\\/\\\/spirituellebegleitung.ch\\\/#website\"},\"primaryImageOfPage\":{\"@id\":\"https:\\\/\\\/spirituellebegleitung.ch\\\/?page_id=770#primaryimage\"},\"image\":{\"@id\":\"https:\\\/\\\/spirituellebegleitung.ch\\\/?page_id=770#primaryimage\"},\"thumbnailUrl\":\"https:\\\/\\\/spirituellebegleitung.ch\\\/wp-content\\\/uploads\\\/2017\\\/08\\\/manuela-520x520-300x300.jpg\",\"datePublished\":\"2017-08-01T10:20:10+00:00\",\"breadcrumb\":{\"@id\":\"https:\\\/\\\/spirituellebegleitung.ch\\\/?page_id=770#breadcrumb\"},\"inLanguage\":\"de\",\"potentialAction\":[{\"@type\":\"ReadAction\",\"target\":[\"https:\\\/\\\/spirituellebegleitung.ch\\\/?page_id=770\"]}]},{\"@type\":\"ImageObject\",\"inLanguage\":\"de\",\"@id\":\"https:\\\/\\\/spirituellebegleitung.ch\\\/?page_id=770#primaryimage\",\"url\":\"\",\"contentUrl\":\"\"},{\"@type\":\"BreadcrumbList\",\"@id\":\"https:\\\/\\\/spirituellebegleitung.ch\\\/?page_id=770#breadcrumb\",\"itemListElement\":[{\"@type\":\"ListItem\",\"position\":1,\"name\":\"Startseite\",\"item\":\"https:\\\/\\\/spirituellebegleitung.ch\\\/\"},{\"@type\":\"ListItem\",\"position\":2,\"name\":\"\u00dcber mich\"}]},{\"@type\":\"WebSite\",\"@id\":\"https:\\\/\\\/spirituellebegleitung.ch\\\/#website\",\"url\":\"https:\\\/\\\/spirituellebegleitung.ch\\\/\",\"name\":\"spirituellebegleitung\",\"description\":\"\",\"publisher\":{\"@id\":\"https:\\\/\\\/spirituellebegleitung.ch\\\/#organization\"},\"potentialAction\":[{\"@type\":\"SearchAction\",\"target\":{\"@type\":\"EntryPoint\",\"urlTemplate\":\"https:\\\/\\\/spirituellebegleitung.ch\\\/?s={search_term_string}\"},\"query-input\":{\"@type\":\"PropertyValueSpecification\",\"valueRequired\":true,\"valueName\":\"search_term_string\"}}],\"inLanguage\":\"de\"},{\"@type\":\"Organization\",\"@id\":\"https:\\\/\\\/spirituellebegleitung.ch\\\/#organization\",\"name\":\"spirituellebegleitung\",\"url\":\"https:\\\/\\\/spirituellebegleitung.ch\\\/\",\"logo\":{\"@type\":\"ImageObject\",\"inLanguage\":\"de\",\"@id\":\"https:\\\/\\\/spirituellebegleitung.ch\\\/#\\\/schema\\\/logo\\\/image\\\/\",\"url\":\"https:\\\/\\\/spirituellebegleitung.ch\\\/wp-content\\\/uploads\\\/2025\\\/06\\\/Logo-SpB_Transp1-300x300-1.png\",\"contentUrl\":\"https:\\\/\\\/spirituellebegleitung.ch\\\/wp-content\\\/uploads\\\/2025\\\/06\\\/Logo-SpB_Transp1-300x300-1.png\",\"width\":300,\"height\":300,\"caption\":\"spirituellebegleitung\"},\"image\":{\"@id\":\"https:\\\/\\\/spirituellebegleitung.ch\\\/#\\\/schema\\\/logo\\\/image\\\/\"}}]}<\/script>\n<!-- \/ Yoast SEO plugin. -->","yoast_head_json":{"title":"\u00dcber mich - spirituellebegleitung.ch","robots":{"index":"index","follow":"follow","max-snippet":"max-snippet:-1","max-image-preview":"max-image-preview:large","max-video-preview":"max-video-preview:-1"},"canonical":"https:\/\/spirituellebegleitung.ch\/?page_id=770","og_locale":"de_DE","og_type":"article","og_title":"\u00dcber mich - spirituellebegleitung.ch","og_description":"Seit ich mich erinnern kann interessiere ich mich f\u00fcr die Fragen des Lebens, warum? weshalb? wozu? Mich interessierten die Sorgen und N\u00f6te der Mitmenschen, wie kann man helfen? Wie kann man das Leben Verbessern? Wie kann man zu mehr Lebensfreude, Selbstvertrauen kommen? Wie wird das Leben besser? wie bekomme ich Klarheit? Wie wird man \u00c4ngste [&hellip;]","og_url":"https:\/\/spirituellebegleitung.ch\/?page_id=770","og_site_name":"spirituellebegleitung.ch","og_image":[{"url":"https:\/\/spirituellebegleitung.ch\/wp-content\/uploads\/2017\/08\/manuela-520x520-300x300.jpg","type":"","width":"","height":""}],"twitter_card":"summary_large_image","twitter_misc":{"Gesch\u00e4tzte Lesezeit":"2\u00a0Minuten"},"schema":{"@context":"https:\/\/schema.org","@graph":[{"@type":"WebPage","@id":"https:\/\/spirituellebegleitung.ch\/?page_id=770","url":"https:\/\/spirituellebegleitung.ch\/?page_id=770","name":"\u00dcber mich - spirituellebegleitung.ch","isPartOf":{"@id":"https:\/\/spirituellebegleitung.ch\/#website"},"primaryImageOfPage":{"@id":"https:\/\/spirituellebegleitung.ch\/?page_id=770#primaryimage"},"image":{"@id":"https:\/\/spirituellebegleitung.ch\/?page_id=770#primaryimage"},"thumbnailUrl":"https:\/\/spirituellebegleitung.ch\/wp-content\/uploads\/2017\/08\/manuela-520x520-300x300.jpg","datePublished":"2017-08-01T10:20:10+00:00","breadcrumb":{"@id":"https:\/\/spirituellebegleitung.ch\/?page_id=770#breadcrumb"},"inLanguage":"de","potentialAction":[{"@type":"ReadAction","target":["https:\/\/spirituellebegleitung.ch\/?page_id=770"]}]},{"@type":"ImageObject","inLanguage":"de","@id":"https:\/\/spirituellebegleitung.ch\/?page_id=770#primaryimage","url":"","contentUrl":""},{"@type":"BreadcrumbList","@id":"https:\/\/spirituellebegleitung.ch\/?page_id=770#breadcrumb","itemListElement":[{"@type":"ListItem","position":1,"name":"Startseite","item":"https:\/\/spirituellebegleitung.ch\/"},{"@type":"ListItem","position":2,"name":"\u00dcber mich"}]},{"@type":"WebSite","@id":"https:\/\/spirituellebegleitung.ch\/#website","url":"https:\/\/spirituellebegleitung.ch\/","name":"spirituellebegleitung","description":"","publisher":{"@id":"https:\/\/spirituellebegleitung.ch\/#organization"},"potentialAction":[{"@type":"SearchAction","target":{"@type":"EntryPoint","urlTemplate":"https:\/\/spirituellebegleitung.ch\/?s={search_term_string}"},"query-input":{"@type":"PropertyValueSpecification","valueRequired":true,"valueName":"search_term_string"}}],"inLanguage":"de"},{"@type":"Organization","@id":"https:\/\/spirituellebegleitung.ch\/#organization","name":"spirituellebegleitung","url":"https:\/\/spirituellebegleitung.ch\/","logo":{"@type":"ImageObject","inLanguage":"de","@id":"https:\/\/spirituellebegleitung.ch\/#\/schema\/logo\/image\/","url":"https:\/\/spirituellebegleitung.ch\/wp-content\/uploads\/2025\/06\/Logo-SpB_Transp1-300x300-1.png","contentUrl":"https:\/\/spirituellebegleitung.ch\/wp-content\/uploads\/2025\/06\/Logo-SpB_Transp1-300x300-1.png","width":300,"height":300,"caption":"spirituellebegleitung"},"image":{"@id":"https:\/\/spirituellebegleitung.ch\/#\/schema\/logo\/image\/"}}]}},"_links":{"self":[{"href":"https:\/\/spirituellebegleitung.ch\/index.php?rest_route=\/wp\/v2\/pages\/770","targetHints":{"allow":["GET"]}}],"collection":[{"href":"https:\/\/spirituellebegleitung.ch\/index.php?rest_route=\/wp\/v2\/pages"}],"about":[{"href":"https:\/\/spirituellebegleitung.ch\/index.php?rest_route=\/wp\/v2\/types\/page"}],"author":[{"embeddable":true,"href":"https:\/\/spirituellebegleitung.ch\/index.php?rest_route=\/wp\/v2\/users\/2"}],"replies":[{"embeddable":true,"href":"https:\/\/spirituellebegleitung.ch\/index.php?rest_route=%2Fwp%2Fv2%2Fcomments&post=770"}],"version-history":[{"count":0,"href":"https:\/\/spirituellebegleitung.ch\/index.php?rest_route=\/wp\/v2\/pages\/770\/revisions"}],"wp:attachment":[{"href":"https:\/\/spirituellebegleitung.ch\/index.php?rest_route=%2Fwp%2Fv2%2Fmedia&parent=770"}],"curies":[{"name":"wp","href":"https:\/\/api.w.org\/{rel}","templated":true}]}}