{"id":768,"date":"2017-08-01T12:20:10","date_gmt":"2017-08-01T10:20:10","guid":{"rendered":"http:\/\/spirituellebegleitung.ch\/?page_id=7"},"modified":"2017-08-01T12:20:10","modified_gmt":"2017-08-01T10:20:10","slug":"startseite","status":"publish","type":"page","link":"https:\/\/spirituellebegleitung.ch\/","title":{"rendered":"Home"},"content":{"rendered":"<p style=\"text-align: left;\"><span style=\"font-size: 26pt;\"><strong>Familien und Beziehungsknatsch Ade!<br \/>\n<\/strong><\/span><\/p>\n<p style=\"text-align: left;\"><span style=\"font-size: 16pt;\"><strong>Bist du ungl\u00fccklich in deiner Beziehung, habt ihr Streitereien in deiner Familie, bist du \u00fcberfordert mit deinen Kindern, wartest du schon lange auf eine erf\u00fcllte Beziehung?<br \/>\nDabei w\u00fcnschst du dir ein harmonisches Familienleben eine harmonische Beziehung?<br \/>\nDann bist du hier genau richtig. Herzlich willkommen.<\/strong><\/span><\/p>\n<p>Mein Hauptgebiet sind die Beziehungs- und Familienthemen, Familienstrukturen, Familiensysteme und nat\u00fcrlich die Bezihung zu dir selbst.<br \/>\nDas heisst, deine Traurigkeit, deine Unsicherheit, dein nicht weiter wissen, deine Ersch\u00f6pfung, deine \u00c4ngste, deine Schuldgef\u00fchle, dein mangelndes Selbstbewusstsein,\u00a0 \u2026 .<br \/>\nAlles ist miteinander verbunden, wir leben \u00fcberall in Beziehung, in der Partnerschaft, in der Familie, mit all den Menschen denen wir begegnen (bei der Arbeit, beim einkaufen usw.).\u00a0 Wir sind aber auch in Beziehung mit unserem Umfeld, unserer Umwelt, der Energie um uns herum. Auch in unserem K\u00f6rper leben die Organe und Zellen in einer (hoffentlich guten) Beziehung.<br \/>\nIch bin offen f\u00fcr alle Fragen die dein Mensch sein besch\u00e4ftigen.<\/p>\n<p><span style=\"font-size: 14pt;\"><strong><br \/>\nDu wirst von mir dabei unterst\u00fctzt<\/strong><\/span><\/p>\n<ul>\n<li>Dich selber besser kennen zu lernen<\/li>\n<li>Ein harmonisches Familienleben zu haben<\/li>\n<li>Eine erf\u00fcllte Beziehung zu leben<\/li>\n<li>Familienstreitigkeiten aufzul\u00f6sen<\/li>\n<li>Schuldgef\u00fchle und \u00c4ngste aufzul\u00f6sen<\/li>\n<li>Los zu lassen was du nicht mehr brauchst<\/li>\n<li>Selbstbewusst zu sein und dein Selbstwertgef\u00fchl zu st\u00e4rken<\/li>\n<li>Fragen auf deine Antworten zu bekommen<\/li>\n<li>Deine Lebensenergie wieder zu steigern<\/li>\n<li>In deine Kraft zu komme<\/li>\n<li>Dein ganzes Potenzial zu leben<\/li>\n<li>Dich wieder Ausgeglichen zu f\u00fchlen<\/li>\n<li>Wieder Freude am Leben zu haben und gl\u00fccklich zu sein<\/li>\n<\/ul>\n<p><span style=\"font-size: 14pt;\"><strong>Was du davon hast<\/strong><\/span><\/p>\n<ul>\n<li>Du \u00fcbernimmst (wieder) die Verantwortung f\u00fcr dein Leben<\/li>\n<li>Du lernst, dass es einen einfachen, liebevollen Weg geben kann<\/li>\n<li>Du versp\u00fcrst wieder Freude und Leichtigkeit<\/li>\n<li>Du bekommst Lebensfreude, Selbstvertrauen und Mut<\/li>\n<li>Du f\u00fchlst und erkennst dich wieder<\/li>\n<li>kannst deine Gef\u00fchle einordnen<\/li>\n<li>Du verlierst und \u00fcberwindest deine \u00c4ngste<\/li>\n<li>Du erkennst neue M\u00f6glichkeiten<\/li>\n<li>Du findest Klarheit und Antworten<\/li>\n<li>Scham- und Schuldgef\u00fchle k\u00f6nnen aufgel\u00f6st werden<\/li>\n<li>Du f\u00fchlst dich begleitet und unterst\u00fctzt auf allen Ebenen<\/li>\n<li>Du bist gl\u00fccklich und ausgeglichen<\/li>\n<\/ul>\n","protected":false},"excerpt":{"rendered":"<p>Familien und Beziehungsknatsch Ade! Bist du ungl\u00fccklich in deiner Beziehung, habt ihr Streitereien in deiner Familie, bist du \u00fcberfordert mit deinen Kindern, wartest du schon lange auf eine erf\u00fcllte Beziehung? Dabei w\u00fcnschst du dir ein harmonisches Familienleben eine harmonische Beziehung? Dann bist du hier genau richtig. Herzlich willkommen. Mein Hauptgebiet sind die Beziehungs- und Familienthemen, [&hellip;]<\/p>\n","protected":false},"author":2,"featured_media":0,"parent":0,"menu_order":0,"comment_status":"closed","ping_status":"closed","template":"","meta":{"footnotes":""},"class_list":["post-768","page","type-page","status-publish","hentry","clear"],"yoast_head":"<!-- This site is optimized with the Yoast SEO plugin v27.6 - https:\/\/yoast.com\/product\/yoast-seo-wordpress\/ -->\n<title>Home - spirituellebegleitung.ch<\/title>\n<meta name=\"robots\" content=\"index, follow, max-snippet:-1, max-image-preview:large, max-video-preview:-1\" \/>\n<link rel=\"canonical\" href=\"https:\/\/spirituellebegleitung.ch\/\" \/>\n<meta property=\"og:locale\" content=\"de_DE\" \/>\n<meta property=\"og:type\" content=\"article\" \/>\n<meta property=\"og:title\" content=\"Home - spirituellebegleitung.ch\" \/>\n<meta property=\"og:description\" content=\"Familien und Beziehungsknatsch Ade! Bist du ungl\u00fccklich in deiner Beziehung, habt ihr Streitereien in deiner Familie, bist du \u00fcberfordert mit deinen Kindern, wartest du schon lange auf eine erf\u00fcllte Beziehung? Dabei w\u00fcnschst du dir ein harmonisches Familienleben eine harmonische Beziehung? Dann bist du hier genau richtig. Herzlich willkommen. Mein Hauptgebiet sind die Beziehungs- und Familienthemen, [&hellip;]\" \/>\n<meta property=\"og:url\" content=\"https:\/\/spirituellebegleitung.ch\/\" \/>\n<meta property=\"og:site_name\" content=\"spirituellebegleitung.ch\" \/>\n<meta name=\"twitter:card\" content=\"summary_large_image\" \/>\n<meta name=\"twitter:label1\" content=\"Gesch\u00e4tzte Lesezeit\" \/>\n\t<meta name=\"twitter:data1\" content=\"2\u00a0Minuten\" \/>\n<script type=\"application\/ld+json\" class=\"yoast-schema-graph\">{\"@context\":\"https:\\\/\\\/schema.org\",\"@graph\":[{\"@type\":\"WebPage\",\"@id\":\"https:\\\/\\\/spirituellebegleitung.ch\\\/\",\"url\":\"https:\\\/\\\/spirituellebegleitung.ch\\\/\",\"name\":\"Home - spirituellebegleitung.ch\",\"isPartOf\":{\"@id\":\"https:\\\/\\\/spirituellebegleitung.ch\\\/#website\"},\"datePublished\":\"2017-08-01T10:20:10+00:00\",\"breadcrumb\":{\"@id\":\"https:\\\/\\\/spirituellebegleitung.ch\\\/#breadcrumb\"},\"inLanguage\":\"de\",\"potentialAction\":[{\"@type\":\"ReadAction\",\"target\":[\"https:\\\/\\\/spirituellebegleitung.ch\\\/\"]}]},{\"@type\":\"BreadcrumbList\",\"@id\":\"https:\\\/\\\/spirituellebegleitung.ch\\\/#breadcrumb\",\"itemListElement\":[{\"@type\":\"ListItem\",\"position\":1,\"name\":\"Startseite\",\"item\":\"https:\\\/\\\/spirituellebegleitung.ch\\\/\"},{\"@type\":\"ListItem\",\"position\":2,\"name\":\"Home\"}]},{\"@type\":\"WebSite\",\"@id\":\"https:\\\/\\\/spirituellebegleitung.ch\\\/#website\",\"url\":\"https:\\\/\\\/spirituellebegleitung.ch\\\/\",\"name\":\"spirituellebegleitung\",\"description\":\"\",\"publisher\":{\"@id\":\"https:\\\/\\\/spirituellebegleitung.ch\\\/#organization\"},\"potentialAction\":[{\"@type\":\"SearchAction\",\"target\":{\"@type\":\"EntryPoint\",\"urlTemplate\":\"https:\\\/\\\/spirituellebegleitung.ch\\\/?s={search_term_string}\"},\"query-input\":{\"@type\":\"PropertyValueSpecification\",\"valueRequired\":true,\"valueName\":\"search_term_string\"}}],\"inLanguage\":\"de\"},{\"@type\":\"Organization\",\"@id\":\"https:\\\/\\\/spirituellebegleitung.ch\\\/#organization\",\"name\":\"spirituellebegleitung\",\"url\":\"https:\\\/\\\/spirituellebegleitung.ch\\\/\",\"logo\":{\"@type\":\"ImageObject\",\"inLanguage\":\"de\",\"@id\":\"https:\\\/\\\/spirituellebegleitung.ch\\\/#\\\/schema\\\/logo\\\/image\\\/\",\"url\":\"https:\\\/\\\/spirituellebegleitung.ch\\\/wp-content\\\/uploads\\\/2025\\\/06\\\/Logo-SpB_Transp1-300x300-1.png\",\"contentUrl\":\"https:\\\/\\\/spirituellebegleitung.ch\\\/wp-content\\\/uploads\\\/2025\\\/06\\\/Logo-SpB_Transp1-300x300-1.png\",\"width\":300,\"height\":300,\"caption\":\"spirituellebegleitung\"},\"image\":{\"@id\":\"https:\\\/\\\/spirituellebegleitung.ch\\\/#\\\/schema\\\/logo\\\/image\\\/\"}}]}<\/script>\n<!-- \/ Yoast SEO plugin. -->","yoast_head_json":{"title":"Home - spirituellebegleitung.ch","robots":{"index":"index","follow":"follow","max-snippet":"max-snippet:-1","max-image-preview":"max-image-preview:large","max-video-preview":"max-video-preview:-1"},"canonical":"https:\/\/spirituellebegleitung.ch\/","og_locale":"de_DE","og_type":"article","og_title":"Home - spirituellebegleitung.ch","og_description":"Familien und Beziehungsknatsch Ade! Bist du ungl\u00fccklich in deiner Beziehung, habt ihr Streitereien in deiner Familie, bist du \u00fcberfordert mit deinen Kindern, wartest du schon lange auf eine erf\u00fcllte Beziehung? Dabei w\u00fcnschst du dir ein harmonisches Familienleben eine harmonische Beziehung? Dann bist du hier genau richtig. Herzlich willkommen. Mein Hauptgebiet sind die Beziehungs- und Familienthemen, [&hellip;]","og_url":"https:\/\/spirituellebegleitung.ch\/","og_site_name":"spirituellebegleitung.ch","twitter_card":"summary_large_image","twitter_misc":{"Gesch\u00e4tzte Lesezeit":"2\u00a0Minuten"},"schema":{"@context":"https:\/\/schema.org","@graph":[{"@type":"WebPage","@id":"https:\/\/spirituellebegleitung.ch\/","url":"https:\/\/spirituellebegleitung.ch\/","name":"Home - spirituellebegleitung.ch","isPartOf":{"@id":"https:\/\/spirituellebegleitung.ch\/#website"},"datePublished":"2017-08-01T10:20:10+00:00","breadcrumb":{"@id":"https:\/\/spirituellebegleitung.ch\/#breadcrumb"},"inLanguage":"de","potentialAction":[{"@type":"ReadAction","target":["https:\/\/spirituellebegleitung.ch\/"]}]},{"@type":"BreadcrumbList","@id":"https:\/\/spirituellebegleitung.ch\/#breadcrumb","itemListElement":[{"@type":"ListItem","position":1,"name":"Startseite","item":"https:\/\/spirituellebegleitung.ch\/"},{"@type":"ListItem","position":2,"name":"Home"}]},{"@type":"WebSite","@id":"https:\/\/spirituellebegleitung.ch\/#website","url":"https:\/\/spirituellebegleitung.ch\/","name":"spirituellebegleitung","description":"","publisher":{"@id":"https:\/\/spirituellebegleitung.ch\/#organization"},"potentialAction":[{"@type":"SearchAction","target":{"@type":"EntryPoint","urlTemplate":"https:\/\/spirituellebegleitung.ch\/?s={search_term_string}"},"query-input":{"@type":"PropertyValueSpecification","valueRequired":true,"valueName":"search_term_string"}}],"inLanguage":"de"},{"@type":"Organization","@id":"https:\/\/spirituellebegleitung.ch\/#organization","name":"spirituellebegleitung","url":"https:\/\/spirituellebegleitung.ch\/","logo":{"@type":"ImageObject","inLanguage":"de","@id":"https:\/\/spirituellebegleitung.ch\/#\/schema\/logo\/image\/","url":"https:\/\/spirituellebegleitung.ch\/wp-content\/uploads\/2025\/06\/Logo-SpB_Transp1-300x300-1.png","contentUrl":"https:\/\/spirituellebegleitung.ch\/wp-content\/uploads\/2025\/06\/Logo-SpB_Transp1-300x300-1.png","width":300,"height":300,"caption":"spirituellebegleitung"},"image":{"@id":"https:\/\/spirituellebegleitung.ch\/#\/schema\/logo\/image\/"}}]}},"_links":{"self":[{"href":"https:\/\/spirituellebegleitung.ch\/index.php?rest_route=\/wp\/v2\/pages\/768","targetHints":{"allow":["GET"]}}],"collection":[{"href":"https:\/\/spirituellebegleitung.ch\/index.php?rest_route=\/wp\/v2\/pages"}],"about":[{"href":"https:\/\/spirituellebegleitung.ch\/index.php?rest_route=\/wp\/v2\/types\/page"}],"author":[{"embeddable":true,"href":"https:\/\/spirituellebegleitung.ch\/index.php?rest_route=\/wp\/v2\/users\/2"}],"replies":[{"embeddable":true,"href":"https:\/\/spirituellebegleitung.ch\/index.php?rest_route=%2Fwp%2Fv2%2Fcomments&post=768"}],"version-history":[{"count":0,"href":"https:\/\/spirituellebegleitung.ch\/index.php?rest_route=\/wp\/v2\/pages\/768\/revisions"}],"wp:attachment":[{"href":"https:\/\/spirituellebegleitung.ch\/index.php?rest_route=%2Fwp%2Fv2%2Fmedia&parent=768"}],"curies":[{"name":"wp","href":"https:\/\/api.w.org\/{rel}","templated":true}]}}