{"id":1304,"date":"2020-09-18T18:53:59","date_gmt":"2020-09-18T16:53:59","guid":{"rendered":"https:\/\/spirituellebegleitung.ch\/?page_id=1304"},"modified":"2025-06-05T09:56:52","modified_gmt":"2025-06-05T07:56:52","slug":"neues-angebot","status":"publish","type":"page","link":"https:\/\/spirituellebegleitung.ch\/?page_id=1304","title":{"rendered":"Neues Angebot"},"content":{"rendered":"<p><strong>Gesehen werden <\/strong><\/p>\n<p>Du f\u00fchlst dich klein, nicht gesehen, nicht ernst genommen. Im schlimmsten Fall sogar wertlos. Du hast das Gef\u00fchl st\u00e4ndig k\u00e4mpfen oder noch mehr leisten zu m\u00fcssen. Das macht dich traurig oder w\u00fctend auf dich und die Welt.<\/p>\n<p>Ich kenne das auch. Jahrelang war ich das graue M\u00e4uschen und ehrlich gesagt war ich sogar dankbar daf\u00fcr. Ich war so sch\u00fcchtern, dass ich froh war wenn man mich nicht sah, nicht wahrnahm. Irgendwann wurde ich aber w\u00fctend, weil man mich nicht ernst nahm, nicht auf meine Bed\u00fcrfnisse achtete, \u00fcber mich hinweg entschied. Ich leistete immer mehr als andere und es wurde nicht mal bemerkt. Oft lud man auch einfach alles bei mir ab: \u201edu schaust schon, du machst schon\u201c. Ich sagte immer ja und \u00fcberschritt meine Grenzen immer wieder. Irgendwann war es zu viel und ich hatte genug. Ich begann mich zu wehren, ich begann Grenzen zu setzen und ich begann mich zu zeigen. Es war nicht so einfach und ging nur schrittweise, ich wurde aber mit jedem Schritt mutiger, kr\u00e4ftiger. Mein Selbstvertrauen und meine Selbstliebe wuchsen, ich f\u00fchlte mich gesehen und (meistens ;-)) verstanden.<br \/>Das Tragische ist, eigentlich wollte ich (wie jeder Mensch) wahrgenommen und gesehen werden, nur ich selber habe es mir verbaut, weil es mir selber nicht bewusst war.<\/p>\n<p>Ich habe deshalb ein neues Angebot kreiert. Wir treffen uns 1:1, 5x (auch online m\u00f6glich). Du wirst von mir durch Coachings und meine Tools unterst\u00fctzt. Wie es im Einzelnen abl\u00e4uft, kannst du unten entnehmen.<\/p>\n<p>Beim 1. Treffen \u00a0werde ich dir <strong>neutral<\/strong>, auf der <strong>Herzebene zuh\u00f6ren<\/strong>. So kannst du dich zeigen, wirst gesehen und ernst genommen. Du kannst mir deine Sorgen, \u00c4ngste und Bed\u00fcrfnisse mitteilen ohne Angst zu haben verurteilt zu werden. Ja, du darfst dich regelrecht auskotzen. Dabei wird schon einiges <strong>transformiert<\/strong>.<br \/>Das macht dich frei und du f\u00fchlst dich erleichtert.<\/p>\n<p>Beim 2. Treffen werden wir zuerst mit einer <strong>K\u00f6rper\u00fcbung<\/strong> beginnen. Mit der <strong>SEP<\/strong> Technik schaue ich was du genau brauchst. Anschliessend machen wir die \u00dcbung und du wirst unterst\u00fctzt mit einer <strong>therapeutischen Kartenlegung<\/strong>.<br \/>Dadurch erkennst du, was die Hintergrundthemen sind oder wo Blockaden sind. Durch die Unterst\u00fctzung der Karten f\u00fchlst du dich dabei leicht und getragen, Transformation geschieht einfach. Du wirst hier gest\u00e4rkt und gekr\u00e4ftigt.<\/p>\n<p>Beim 3. Treffen beginnen wir mit einer <strong>Meditation<\/strong>, wir <strong>reflektieren<\/strong> was sich seit dem letzten Treffen ver\u00e4ndert hat. Um das Ganze in deinem K\u00f6rper zu verankern, werden wir uns dabei in der <strong>Natur<\/strong> bewegen (nur live, online werden wir K\u00f6rper\u00fcbungen dazu machen). Dabei werde ich schauen, wo stehst du jetzt, was braucht es noch oder gibt es ein neues Thema, das jetzt zum Vorschein kommt.<br \/>Du wirst bewusst erkennen was sich ver\u00e4ndert hat, was du noch anschauen darfst. Du versp\u00fcrst mehr Sicherheit und Kraft. Gleichzeitig wird deine Lebensfreude erh\u00f6ht.<\/p>\n<p>Beim 4. Treffen beginnen wir mit einem <strong>Verw\u00f6hnprogramm<\/strong> f\u00fcr deinen K\u00f6rper und deine Seele und arbeiten nochmals mit der <strong>SEP<\/strong> Technik.<br \/>Du wirst verw\u00f6hnt, tust dir Gutes. Dabei wirst du geerdet und alles wird sch\u00f6n verankert. Du bekommst nochmals Begleitung und Unterst\u00fctzung um deine Themen ganz aufzul\u00f6sen.<br \/>Du wirst dich danach ganz bei dir und frei f\u00fchlen.<\/p>\n<p>Beim 5. Treffen werden wir <strong>reflektieren<\/strong> wo du warst, wo du jetzt bist. Im <strong>Abschlussgespr\u00e4ch<\/strong> besprechen wir, was du f\u00fcr dich noch weiter tun kannst.<br \/>Du wirst dein Ziel erreicht haben, weil das, was dich gehindert hat, aufgel\u00f6st ist. Das heisst, du wirst gesehen, weil du mehr Selbstvertrauen hast und dich f\u00fcr dich einsetzt. Das k\u00e4mpfen ist vorbei und deine Schuldgef\u00fchle sind aufgel\u00f6st. Du nimmst dich ernst und wichtig.<\/p>\n<p>Du w\u00fcnschst dir, nicht mehr k\u00e4mpfen zu m\u00fcssen, dich kr\u00e4ftig und stark zu f\u00fchlen. Du willst gesehen werden von deinem Partner, deiner Familie, deinen Freunden oder deinem Arbeitgeber, mit allem was du bist, mit deinen Bed\u00fcrfnissen und W\u00fcnschen. Deine Schuldgef\u00fchle oder dich selbst zur\u00fcckzunehmen sollen der Vergangenheit angeh\u00f6ren?<\/p>\n<p>Dann buche jetzt das neue Angebot.<br \/>Die Investition in deine Entwicklung betr\u00e4gt\u00a0 780.- CHF<\/p>\n<p>Hast du noch Fragen dann schreibe mir\u00a0 oder buche ein kostenloses Kennenlerngespr\u00e4ch.<br \/><a href=\"https:\/\/tidycal.com\/manuela\/20-minuten\" target=\"_blank\" rel=\"noopener\">Buche ein 20-min gratis Gespr\u00e4ch<\/a><\/p>\n<p>Ich freue mich auf dich.<br \/>Herzensgruss, Manuela<\/p>\n\n\n<p><\/p>\n","protected":false},"excerpt":{"rendered":"<p>Gesehen werden Du f\u00fchlst dich klein, nicht gesehen, nicht ernst genommen. Im schlimmsten Fall sogar wertlos. Du hast das Gef\u00fchl st\u00e4ndig k\u00e4mpfen oder noch mehr leisten zu m\u00fcssen. Das macht dich traurig oder w\u00fctend auf dich und die Welt. Ich kenne das auch. Jahrelang war ich das graue M\u00e4uschen und ehrlich gesagt war ich sogar [&hellip;]<\/p>\n","protected":false},"author":2,"featured_media":0,"parent":774,"menu_order":0,"comment_status":"closed","ping_status":"closed","template":"","meta":{"footnotes":""},"class_list":["post-1304","page","type-page","status-publish","hentry","clear"],"yoast_head":"<!-- This site is optimized with the Yoast SEO plugin v27.5 - https:\/\/yoast.com\/product\/yoast-seo-wordpress\/ -->\n<title>Neues Angebot - spirituellebegleitung.ch<\/title>\n<meta name=\"robots\" content=\"index, follow, max-snippet:-1, max-image-preview:large, max-video-preview:-1\" \/>\n<link rel=\"canonical\" href=\"https:\/\/spirituellebegleitung.ch\/?page_id=1304\" \/>\n<meta property=\"og:locale\" content=\"de_DE\" \/>\n<meta property=\"og:type\" content=\"article\" \/>\n<meta property=\"og:title\" content=\"Neues Angebot - spirituellebegleitung.ch\" \/>\n<meta property=\"og:description\" content=\"Gesehen werden Du f\u00fchlst dich klein, nicht gesehen, nicht ernst genommen. Im schlimmsten Fall sogar wertlos. Du hast das Gef\u00fchl st\u00e4ndig k\u00e4mpfen oder noch mehr leisten zu m\u00fcssen. Das macht dich traurig oder w\u00fctend auf dich und die Welt. Ich kenne das auch. Jahrelang war ich das graue M\u00e4uschen und ehrlich gesagt war ich sogar [&hellip;]\" \/>\n<meta property=\"og:url\" content=\"https:\/\/spirituellebegleitung.ch\/?page_id=1304\" \/>\n<meta property=\"og:site_name\" content=\"spirituellebegleitung.ch\" \/>\n<meta property=\"article:modified_time\" content=\"2025-06-05T07:56:52+00:00\" \/>\n<meta name=\"twitter:card\" content=\"summary_large_image\" \/>\n<meta name=\"twitter:label1\" content=\"Gesch\u00e4tzte Lesezeit\" \/>\n\t<meta name=\"twitter:data1\" content=\"4\u00a0Minuten\" \/>\n<script type=\"application\/ld+json\" class=\"yoast-schema-graph\">{\"@context\":\"https:\\\/\\\/schema.org\",\"@graph\":[{\"@type\":\"WebPage\",\"@id\":\"https:\\\/\\\/spirituellebegleitung.ch\\\/?page_id=1304\",\"url\":\"https:\\\/\\\/spirituellebegleitung.ch\\\/?page_id=1304\",\"name\":\"Neues Angebot - spirituellebegleitung.ch\",\"isPartOf\":{\"@id\":\"https:\\\/\\\/spirituellebegleitung.ch\\\/#website\"},\"datePublished\":\"2020-09-18T16:53:59+00:00\",\"dateModified\":\"2025-06-05T07:56:52+00:00\",\"breadcrumb\":{\"@id\":\"https:\\\/\\\/spirituellebegleitung.ch\\\/?page_id=1304#breadcrumb\"},\"inLanguage\":\"de\",\"potentialAction\":[{\"@type\":\"ReadAction\",\"target\":[\"https:\\\/\\\/spirituellebegleitung.ch\\\/?page_id=1304\"]}]},{\"@type\":\"BreadcrumbList\",\"@id\":\"https:\\\/\\\/spirituellebegleitung.ch\\\/?page_id=1304#breadcrumb\",\"itemListElement\":[{\"@type\":\"ListItem\",\"position\":1,\"name\":\"Startseite\",\"item\":\"https:\\\/\\\/spirituellebegleitung.ch\\\/\"},{\"@type\":\"ListItem\",\"position\":2,\"name\":\"Behandlungen\",\"item\":\"https:\\\/\\\/spirituellebegleitung.ch\\\/?page_id=774\"},{\"@type\":\"ListItem\",\"position\":3,\"name\":\"Neues Angebot\"}]},{\"@type\":\"WebSite\",\"@id\":\"https:\\\/\\\/spirituellebegleitung.ch\\\/#website\",\"url\":\"https:\\\/\\\/spirituellebegleitung.ch\\\/\",\"name\":\"spirituellebegleitung\",\"description\":\"\",\"publisher\":{\"@id\":\"https:\\\/\\\/spirituellebegleitung.ch\\\/#organization\"},\"potentialAction\":[{\"@type\":\"SearchAction\",\"target\":{\"@type\":\"EntryPoint\",\"urlTemplate\":\"https:\\\/\\\/spirituellebegleitung.ch\\\/?s={search_term_string}\"},\"query-input\":{\"@type\":\"PropertyValueSpecification\",\"valueRequired\":true,\"valueName\":\"search_term_string\"}}],\"inLanguage\":\"de\"},{\"@type\":\"Organization\",\"@id\":\"https:\\\/\\\/spirituellebegleitung.ch\\\/#organization\",\"name\":\"spirituellebegleitung\",\"url\":\"https:\\\/\\\/spirituellebegleitung.ch\\\/\",\"logo\":{\"@type\":\"ImageObject\",\"inLanguage\":\"de\",\"@id\":\"https:\\\/\\\/spirituellebegleitung.ch\\\/#\\\/schema\\\/logo\\\/image\\\/\",\"url\":\"https:\\\/\\\/spirituellebegleitung.ch\\\/wp-content\\\/uploads\\\/2025\\\/06\\\/Logo-SpB_Transp1-300x300-1.png\",\"contentUrl\":\"https:\\\/\\\/spirituellebegleitung.ch\\\/wp-content\\\/uploads\\\/2025\\\/06\\\/Logo-SpB_Transp1-300x300-1.png\",\"width\":300,\"height\":300,\"caption\":\"spirituellebegleitung\"},\"image\":{\"@id\":\"https:\\\/\\\/spirituellebegleitung.ch\\\/#\\\/schema\\\/logo\\\/image\\\/\"}}]}<\/script>\n<!-- \/ Yoast SEO plugin. -->","yoast_head_json":{"title":"Neues Angebot - spirituellebegleitung.ch","robots":{"index":"index","follow":"follow","max-snippet":"max-snippet:-1","max-image-preview":"max-image-preview:large","max-video-preview":"max-video-preview:-1"},"canonical":"https:\/\/spirituellebegleitung.ch\/?page_id=1304","og_locale":"de_DE","og_type":"article","og_title":"Neues Angebot - spirituellebegleitung.ch","og_description":"Gesehen werden Du f\u00fchlst dich klein, nicht gesehen, nicht ernst genommen. Im schlimmsten Fall sogar wertlos. Du hast das Gef\u00fchl st\u00e4ndig k\u00e4mpfen oder noch mehr leisten zu m\u00fcssen. Das macht dich traurig oder w\u00fctend auf dich und die Welt. Ich kenne das auch. Jahrelang war ich das graue M\u00e4uschen und ehrlich gesagt war ich sogar [&hellip;]","og_url":"https:\/\/spirituellebegleitung.ch\/?page_id=1304","og_site_name":"spirituellebegleitung.ch","article_modified_time":"2025-06-05T07:56:52+00:00","twitter_card":"summary_large_image","twitter_misc":{"Gesch\u00e4tzte Lesezeit":"4\u00a0Minuten"},"schema":{"@context":"https:\/\/schema.org","@graph":[{"@type":"WebPage","@id":"https:\/\/spirituellebegleitung.ch\/?page_id=1304","url":"https:\/\/spirituellebegleitung.ch\/?page_id=1304","name":"Neues Angebot - spirituellebegleitung.ch","isPartOf":{"@id":"https:\/\/spirituellebegleitung.ch\/#website"},"datePublished":"2020-09-18T16:53:59+00:00","dateModified":"2025-06-05T07:56:52+00:00","breadcrumb":{"@id":"https:\/\/spirituellebegleitung.ch\/?page_id=1304#breadcrumb"},"inLanguage":"de","potentialAction":[{"@type":"ReadAction","target":["https:\/\/spirituellebegleitung.ch\/?page_id=1304"]}]},{"@type":"BreadcrumbList","@id":"https:\/\/spirituellebegleitung.ch\/?page_id=1304#breadcrumb","itemListElement":[{"@type":"ListItem","position":1,"name":"Startseite","item":"https:\/\/spirituellebegleitung.ch\/"},{"@type":"ListItem","position":2,"name":"Behandlungen","item":"https:\/\/spirituellebegleitung.ch\/?page_id=774"},{"@type":"ListItem","position":3,"name":"Neues Angebot"}]},{"@type":"WebSite","@id":"https:\/\/spirituellebegleitung.ch\/#website","url":"https:\/\/spirituellebegleitung.ch\/","name":"spirituellebegleitung","description":"","publisher":{"@id":"https:\/\/spirituellebegleitung.ch\/#organization"},"potentialAction":[{"@type":"SearchAction","target":{"@type":"EntryPoint","urlTemplate":"https:\/\/spirituellebegleitung.ch\/?s={search_term_string}"},"query-input":{"@type":"PropertyValueSpecification","valueRequired":true,"valueName":"search_term_string"}}],"inLanguage":"de"},{"@type":"Organization","@id":"https:\/\/spirituellebegleitung.ch\/#organization","name":"spirituellebegleitung","url":"https:\/\/spirituellebegleitung.ch\/","logo":{"@type":"ImageObject","inLanguage":"de","@id":"https:\/\/spirituellebegleitung.ch\/#\/schema\/logo\/image\/","url":"https:\/\/spirituellebegleitung.ch\/wp-content\/uploads\/2025\/06\/Logo-SpB_Transp1-300x300-1.png","contentUrl":"https:\/\/spirituellebegleitung.ch\/wp-content\/uploads\/2025\/06\/Logo-SpB_Transp1-300x300-1.png","width":300,"height":300,"caption":"spirituellebegleitung"},"image":{"@id":"https:\/\/spirituellebegleitung.ch\/#\/schema\/logo\/image\/"}}]}},"_links":{"self":[{"href":"https:\/\/spirituellebegleitung.ch\/index.php?rest_route=\/wp\/v2\/pages\/1304","targetHints":{"allow":["GET"]}}],"collection":[{"href":"https:\/\/spirituellebegleitung.ch\/index.php?rest_route=\/wp\/v2\/pages"}],"about":[{"href":"https:\/\/spirituellebegleitung.ch\/index.php?rest_route=\/wp\/v2\/types\/page"}],"author":[{"embeddable":true,"href":"https:\/\/spirituellebegleitung.ch\/index.php?rest_route=\/wp\/v2\/users\/2"}],"replies":[{"embeddable":true,"href":"https:\/\/spirituellebegleitung.ch\/index.php?rest_route=%2Fwp%2Fv2%2Fcomments&post=1304"}],"version-history":[{"count":4,"href":"https:\/\/spirituellebegleitung.ch\/index.php?rest_route=\/wp\/v2\/pages\/1304\/revisions"}],"predecessor-version":[{"id":2558,"href":"https:\/\/spirituellebegleitung.ch\/index.php?rest_route=\/wp\/v2\/pages\/1304\/revisions\/2558"}],"up":[{"embeddable":true,"href":"https:\/\/spirituellebegleitung.ch\/index.php?rest_route=\/wp\/v2\/pages\/774"}],"wp:attachment":[{"href":"https:\/\/spirituellebegleitung.ch\/index.php?rest_route=%2Fwp%2Fv2%2Fmedia&parent=1304"}],"curies":[{"name":"wp","href":"https:\/\/api.w.org\/{rel}","templated":true}]}}